{"id":192,"date":"2023-02-20T13:10:49","date_gmt":"2023-02-20T13:10:49","guid":{"rendered":"https:\/\/www.scoalagohorgl.ro\/?page_id=192"},"modified":"2023-02-20T13:16:32","modified_gmt":"2023-02-20T13:16:32","slug":"educatie-fara-bariere","status":"publish","type":"page","link":"https:\/\/www.scoalagohorgl.ro\/index.php\/educatie-fara-bariere\/","title":{"rendered":"Educa\u021bie f\u0103r\u0103 bariere"},"content":{"rendered":"\n<p class=\"has-text-align-left\">\u0218coala Gimnazial\u0103 Adventist\u0103 Matca, \u00een calitate de Beneficiar, \u00eempreun\u0103 cu partenerii \u0218coala Gimnazial\u0103 \u201dIon Creang\u0103\u201d, T\u0103lpigi \u0219i \u0218coala Gimnazial\u0103 Nr.1 Gohor anun\u021b\u0103 demararea proiectului cu titlul \u201dEduca\u021bie f\u0103r\u0103 bariere\u201d, cod Mysmis 153756. Valoarea total\u0103 a proiectului este de 1.730.868,79 lei din care valoarea finan\u021b\u0103rii nerambursabile este de 1.715.331,21 lei.Obiectivul general al proiectului const\u0103 \u00een prevenirea riscului de p\u0103r\u0103sire timpurie a \u0219colii \u0219i promovarea accesului egal la \u00eenv\u0103\u021b\u0103m\u00e2ntul de calitate prin stimularea particip\u0103rii la activit\u0103\u021bi de educa\u021bie nonformal\u0103 a 332 de elevi din mediul rural, coordona\u021bi de 36 de cadre didactice perfec\u021bionate \u00een timpul proiectului. Rezultatele prev\u0103zute sunt urm\u0103toarele: &#8211; 36 cadre didactice participante la programul de perfec\u021bionare profesional\u0103 acreditat\u0103- 332 de elevi \u00eenscri\u0219i \u00een grupul \u021bint\u0103, dintre care 200 elevi nivel primar \u0219i 132 elevi nivel gimnazial, minim 10 % elevi de entie rom\u0103, care vor participa la cele 29 de activit\u0103\u021bi de educa\u021bie nonformal\u0103- 3 spa\u021bii outdoor amenajate \u0219i dotate corespunz\u0103tor \u00een \u0219colile partenere- 1 parteneriat creat \u00eentre 6 actori sociali din cele 3 comunit\u0103\u021bi rurale \u0219i cele 3 \u0219coli partenereDurata de implementare este de 15 luni, respectiv 18.10.2022 \u2013 31.12.2023. Informa\u021bii suplimentare se pot ob\u021bine la: Telefon: 0743564471, mail: scoalaadventistamatca@gmail.comPersoan\u0103 de contact: Istrate Alisa (manager de proiect) Proiect co-finan\u021bat din FSE prin Programul Opera\u021bional Capital Uman 2014-2020<\/p>\n","protected":false},"excerpt":{"rendered":"<p>\u0218coala Gimnazial\u0103 Adventist\u0103 Matca, \u00een calitate de Beneficiar, \u00eempreun\u0103 cu partenerii \u0218coala Gimnazial\u0103 \u201dIon Creang\u0103\u201d, T\u0103lpigi \u0219i \u0218coala Gimnazial\u0103 Nr.1 Gohor anun\u021b\u0103 demararea proiectului cu titlul \u201dEduca\u021bie f\u0103r\u0103 bariere\u201d, cod Mysmis 153756. Valoarea total\u0103 a proiectului este de 1.730.868,79 lei <a href=\"https:\/\/www.scoalagohorgl.ro\/index.php\/educatie-fara-bariere\/\" class=\"read-more\">Read More &#8230;<\/a><\/p>\n","protected":false},"author":1,"featured_media":196,"parent":0,"menu_order":0,"comment_status":"closed","ping_status":"closed","template":"","meta":[],"_links":{"self":[{"href":"https:\/\/www.scoalagohorgl.ro\/index.php\/wp-json\/wp\/v2\/pages\/192"}],"collection":[{"href":"https:\/\/www.scoalagohorgl.ro\/index.php\/wp-json\/wp\/v2\/pages"}],"about":[{"href":"https:\/\/www.scoalagohorgl.ro\/index.php\/wp-json\/wp\/v2\/types\/page"}],"author":[{"embeddable":true,"href":"https:\/\/www.scoalagohorgl.ro\/index.php\/wp-json\/wp\/v2\/users\/1"}],"replies":[{"embeddable":true,"href":"https:\/\/www.scoalagohorgl.ro\/index.php\/wp-json\/wp\/v2\/comments?post=192"}],"version-history":[{"count":3,"href":"https:\/\/www.scoalagohorgl.ro\/index.php\/wp-json\/wp\/v2\/pages\/192\/revisions"}],"predecessor-version":[{"id":199,"href":"https:\/\/www.scoalagohorgl.ro\/index.php\/wp-json\/wp\/v2\/pages\/192\/revisions\/199"}],"wp:featuredmedia":[{"embeddable":true,"href":"https:\/\/www.scoalagohorgl.ro\/index.php\/wp-json\/wp\/v2\/media\/196"}],"wp:attachment":[{"href":"https:\/\/www.scoalagohorgl.ro\/index.php\/wp-json\/wp\/v2\/media?parent=192"}],"curies":[{"name":"wp","href":"https:\/\/api.w.org\/{rel}","templated":true}]}}