{"id":55,"date":"2020-05-27T05:46:30","date_gmt":"2020-05-27T05:46:30","guid":{"rendered":"http:\/\/www.scoalagohorgl.ro\/?page_id=55"},"modified":"2020-12-14T17:13:46","modified_gmt":"2020-12-14T17:13:46","slug":"home","status":"publish","type":"page","link":"https:\/\/www.scoalagohorgl.ro\/","title":{"rendered":"Despre noi"},"content":{"rendered":"\n<p><strong>Date monografice ale Gohorului<\/strong><\/p>\n\n\n\n<p>Azi, satul Gohor face parte din jude\u021bul Gala\u021bi, unul din cele 8 jude\u021be ale Moldovei. \u00centrecut Gohorul a apar\u021binut \u0219i altor jude\u021be, datorit\u0103 unor \u00eemp\u0103r\u021biri teritorial-administrative, c\u0103ci chiar Moldova a suferit astfel de \u00eemp\u0103r\u021biri teritoriale. Comuna Gohor cuprinde 5 sate: Gohor, Gara Berheci, Ireasca, N\u0103rte\u015fti, Po\u015fta \u015fi este situat\u0103 \u00een N-V jude\u0163ului, la hotarul cu jude\u0163ul Vrancea. Suprafa\u0163a teritoriului s\u0103u este de 5197 ha, iar popula\u0163iaeste de 3916 locuitori. Temperatura medie anual\u0103 a aerului este de 9,9\u00b0C. Se afl\u0103 \u00een bazinul hidrografic Siret, principalele ape fiind B\u00e2rlad, Berheci \u015fi Zeletin. Solurile predominante sunt cernoziomurile, solurile aluviale \u015fi erodisolurile.<\/p>\n\n\n\n<p>\u015ecoala Gimnazial\u0103 Gohor &#8211; \u00een present reabilitat\u0103 \u0219i consolidat\u0103 prin programul European PNDL, fiind acum dotat\u0103 cu s\u0103li de clase luminoase, \u00eenc\u0103lzire termic\u0103 prin central proprie, internet, camere de supraveghere interioare \u0219i exterioare, sal\u0103 de laborator AEL \u00eembun\u0103t\u0103\u021bit\u0103 cu calculatoare noi, elevii beneficiind la orele de informatic\u0103 de aceste dot\u0103ri tehnologice.<\/p>\n\n\n\n<p>Din atestarea documentara Satul Gohor este un sat cu r\u0103d\u0103cini ad\u00e2nci \u00een istorie, este un sat r\u0103z\u0103\u0219esc. Documentar, istoricul satului este consemnat \u00een dou\u0103 dic\u021bionare \u0219i anume<\/p>\n\n\n\n<ul><li>,,DIC\u021aIONAR GEOGRAFIC STATISTIC \u0218I ISTORIC AL JUDE\u021aULUI TECUCI, din 1894 \u00eentocmit de profesorul TEODOR N. CIUNTU, pag. 95  \u0219i<\/li><li>,,DIC\u021aIONAR GEOGRAFIC AL ROM\u00c2NIEI,, vol 3, pag.582, 583 \u00eentocmit \u00een anul 1900 de G. LAHOVARIU, general C. I. BR\u0102TIANU \u0219i G. TOCILESCU, documente ce se afl\u0103 la ARHIVELE STATULUI GALA\u021aI.&nbsp; \u00centr-un document din 1858 se arat\u0103 c\u0103 \u00een Gohor afost o \u0219coal\u0103 \u00eenc\u0103 de pevremea c\u00e2nd Gheorghe Asachi era ministru (referendar) al \u0219colilor din Moldova (1845-1847), c\u00e2nd s-au \u00eenfiin\u021bat primele \u0219coli sate\u0219ti.<\/li><\/ul>\n\n\n\n<p><strong>Satul Gohor<\/strong>&nbsp;este atestat documentar la 3 octombrie 1740, c\u00e2nd printr-un hrisovemis de Petru Rare\u015f se \u00eent\u0103re\u015fte lui Nicoar\u0103 Totole \u201eun sat pe Berheciu, anume unde au fost Totole\u201d. \u00cen anul 1839 exista o mo\u015fie Totole\u015fti \u00een partea de nord a satului N\u0103rte\u015fti. Toponimul Gohor s-ar putea s\u0103 provin\u0103 dintr-un onomastic neatestat \u00eenc\u0103 documentar. La originea lui ar fi substantivul \u201espaim\u0103\u201d, \u201efantom\u0103\u201d, \u201eamenin\u0163are\u201d. T. Ciuntu a sus\u0163inut c\u0103 \u00eentemeietorul satuluiar fi fost un Gohol, care nu este atestat documentar.<\/p>\n\n\n\n<p><strong>Gara Berheci<\/strong>&nbsp;s-a constituit probabil dup\u0103 13 septembrie 1872, c\u00e2nd se pune \u00een func\u0163iune calea ferat\u0103 Gala\u0163i \u2013 Barbo\u015fi \u2013 Tecuci &#8211; B\u00e2rlad, \u00een jurul sta\u0163iei de cale ferat\u0103. Pe actual vatr\u0103 a satului sau pe alta din vecin\u0103tate, exista la 6 decembrie 1736 o a\u015fezare denumit\u0103 Berheci, care s-a risipit apoi.<\/p>\n\n\n\n<p><strong>Ireasca<\/strong>&nbsp;este un sat atestat la 20 februarie 1760, ca mo\u015fie \u00een \u0163inutul Tecuci. La 1 ianuarie 1804, c\u00e2nd satul era probabil constituit, este numit Iriasca.<\/p>\n\n\n\n<p><strong>N\u0103rte\u015fti<\/strong>&nbsp;este un sat atestat \u00een iulie 1772. Antroponimul Nartul, alc\u0103tuit probabil la \u00eenceputul secolului XVIII, \u00eel desemnase slujba\u015ful care \u00eencasa impozitul pe produse, vite, \u00een timpul domniei lui Mihai Racovi\u0163\u0103.<\/p>\n\n\n\n<p><strong>Po\u015fta<\/strong>&nbsp;este un sat \u00eenfiin\u0163at \u00eenainte de anul 1830, \u00een jurul \u201epo\u015ftei\u201d, care desemna: \u201elocul \u00een care se puteau odihni c\u0103l\u0103torii \u015fi se schimbau caii po\u015ftalionului cu care se deplasau\u201d, pe acest teritoriu, domnitorul moldav \u0218tefan cel Mare poposea cu o\u0219tenii spre odihna c\u0103l\u0103toriilor lungi \u0219i istovitoare, datat\u0103 fiind scrisoarea din Valea Berheciului, \u00een a treiazi dup\u0103 S\u0103rb\u0103toarea Sfintei Treimi, \u00een anul Domnului 1476.<\/p>\n","protected":false},"excerpt":{"rendered":"<p>Date monografice ale Gohorului Azi, satul Gohor face parte din jude\u021bul Gala\u021bi, unul din cele 8 jude\u021be ale Moldovei. \u00centrecut Gohorul a apar\u021binut \u0219i altor jude\u021be, datorit\u0103 unor \u00eemp\u0103r\u021biri teritorial-administrative, c\u0103ci chiar Moldova a suferit astfel de \u00eemp\u0103r\u021biri teritoriale. Comuna <a href=\"https:\/\/www.scoalagohorgl.ro\/\" class=\"read-more\">Read More &#8230;<\/a><\/p>\n","protected":false},"author":1,"featured_media":0,"parent":74,"menu_order":0,"comment_status":"closed","ping_status":"closed","template":"","meta":[],"_links":{"self":[{"href":"https:\/\/www.scoalagohorgl.ro\/index.php\/wp-json\/wp\/v2\/pages\/55"}],"collection":[{"href":"https:\/\/www.scoalagohorgl.ro\/index.php\/wp-json\/wp\/v2\/pages"}],"about":[{"href":"https:\/\/www.scoalagohorgl.ro\/index.php\/wp-json\/wp\/v2\/types\/page"}],"author":[{"embeddable":true,"href":"https:\/\/www.scoalagohorgl.ro\/index.php\/wp-json\/wp\/v2\/users\/1"}],"replies":[{"embeddable":true,"href":"https:\/\/www.scoalagohorgl.ro\/index.php\/wp-json\/wp\/v2\/comments?post=55"}],"version-history":[{"count":7,"href":"https:\/\/www.scoalagohorgl.ro\/index.php\/wp-json\/wp\/v2\/pages\/55\/revisions"}],"predecessor-version":[{"id":124,"href":"https:\/\/www.scoalagohorgl.ro\/index.php\/wp-json\/wp\/v2\/pages\/55\/revisions\/124"}],"up":[{"embeddable":true,"href":"https:\/\/www.scoalagohorgl.ro\/index.php\/wp-json\/wp\/v2\/pages\/74"}],"wp:attachment":[{"href":"https:\/\/www.scoalagohorgl.ro\/index.php\/wp-json\/wp\/v2\/media?parent=55"}],"curies":[{"name":"wp","href":"https:\/\/api.w.org\/{rel}","templated":true}]}}